{"id":11,"date":"2020-03-31T10:30:41","date_gmt":"2020-03-31T10:30:41","guid":{"rendered":"http:\/\/gid-right.de\/?page_id=11"},"modified":"2020-03-31T17:07:00","modified_gmt":"2020-03-31T15:07:00","slug":"impressum","status":"publish","type":"page","link":"https:\/\/gid-right.de\/?page_id=11","title":{"rendered":"Impressum"},"content":{"rendered":"<p>[et_pb_section fb_built=&#8220;1&#8243; _builder_version=&#8220;4.3.4&#8243;][et_pb_row _builder_version=&#8220;4.3.4&#8243; custom_padding=&#8220;54px|||||&#8220;][et_pb_column type=&#8220;4_4&#8243; _builder_version=&#8220;4.3.4&#8243;][et_pb_text _builder_version=&#8220;4.3.4&#8243;]<\/p>\n<h1><strong>Impressum:<\/strong><\/h1>\n<p><strong><\/strong><\/p>\n<p><strong>Angaben gem\u00e4\u00df \u00a7 5 TMG:<\/strong><\/p>\n<p>Gid-right<\/p>\n<p>Geranienweg 10<\/p>\n<p>D-41539 Dormagen<\/p>\n<p>&nbsp;<\/p>\n<p>Inhaber und Gesch\u00e4ftsf\u00fchrer: Andr\u00e9 Fenner<\/p>\n<p>&nbsp;<\/p>\n<p>Kontakt:<\/p>\n<p>E-Mail: kontakt@gid-right.de<\/p>\n<p>[\/et_pb_text][\/et_pb_column][\/et_pb_row][\/et_pb_section]<\/p>\n","protected":false},"excerpt":{"rendered":"<p>[et_pb_section fb_built=&#8220;1&#8243; _builder_version=&#8220;4.3.4&#8243;][et_pb_row _builder_version=&#8220;4.3.4&#8243; custom_padding=&#8220;54px|||||&#8220;][et_pb_column type=&#8220;4_4&#8243; _builder_version=&#8220;4.3.4&#8243;][et_pb_text _builder_version=&#8220;4.3.4&#8243;] Impressum: Angaben gem\u00e4\u00df \u00a7 5 TMG: Gid-right Geranienweg 10 D-41539 Dormagen &nbsp; Inhaber und Gesch\u00e4ftsf\u00fchrer: Andr\u00e9 Fenner &nbsp; Kontakt: E-Mail: kontakt@gid-right.de [\/et_pb_text][\/et_pb_column][\/et_pb_row][\/et_pb_section]<\/p>\n","protected":false},"author":1,"featured_media":0,"parent":0,"menu_order":0,"comment_status":"closed","ping_status":"closed","template":"","meta":{"_et_pb_use_builder":"on","_et_pb_old_content":"","_et_gb_content_width":""},"_links":{"self":[{"href":"https:\/\/gid-right.de\/index.php?rest_route=\/wp\/v2\/pages\/11"}],"collection":[{"href":"https:\/\/gid-right.de\/index.php?rest_route=\/wp\/v2\/pages"}],"about":[{"href":"https:\/\/gid-right.de\/index.php?rest_route=\/wp\/v2\/types\/page"}],"author":[{"embeddable":true,"href":"https:\/\/gid-right.de\/index.php?rest_route=\/wp\/v2\/users\/1"}],"replies":[{"embeddable":true,"href":"https:\/\/gid-right.de\/index.php?rest_route=%2Fwp%2Fv2%2Fcomments&post=11"}],"version-history":[{"count":4,"href":"https:\/\/gid-right.de\/index.php?rest_route=\/wp\/v2\/pages\/11\/revisions"}],"predecessor-version":[{"id":25,"href":"https:\/\/gid-right.de\/index.php?rest_route=\/wp\/v2\/pages\/11\/revisions\/25"}],"wp:attachment":[{"href":"https:\/\/gid-right.de\/index.php?rest_route=%2Fwp%2Fv2%2Fmedia&parent=11"}],"curies":[{"name":"wp","href":"https:\/\/api.w.org\/{rel}","templated":true}]}}